{"id":3,"date":"2025-04-15T12:34:17","date_gmt":"2025-04-15T12:34:17","guid":{"rendered":"https:\/\/agenziamatrimoniale-torino.it\/?page_id=3"},"modified":"2025-04-17T18:18:41","modified_gmt":"2025-04-17T18:18:41","slug":"privacy-policy","status":"publish","type":"page","link":"https:\/\/agenziamatrimoniale-torino.it\/?page_id=3","title":{"rendered":"Privacy Policy"},"content":{"rendered":"\n<p>Informativa privacy ai sensi degli artt. 13-14 del Regolamento Europeo \u201cPrivacy\u201d (GDPR)<\/p>\n\n\n\n<p><strong>INFORMATIVA PER IL TRATTAMENTO DI DATI<\/strong><\/p>\n\n\n\n<p>In questa pagina si descrivono le modalit\u00e0 di gestione del sito in riferimento al trattamento dei dati personali degli utenti che lo consultano, nonch\u00e9 modalit\u00e0 e finalit\u00e0 di trattamento dei dati personali.<br>Si tratta di un\u2019informativa resa anche ai sensi del\u2019art.13-14 Reg.to UE 2016\/679 a coloro che interagiscono con i servizi web accessibili per via telematica a partire dall\u2019indirizzo: agenziamatrimoniale-genova.it<br>Questo sito \u00e8 di propriet\u00e0 di agenziamatrimoniale-genova che gestisce e mantiene questo sito con lo scopo di fornire informazioni e comunicazioni inerenti i prodotti o i servizi offerti.<br>L\u2019informativa \u00e8 resa solo per il sito in oggetto e non anche per altri siti Web eventualmente consultabili tramite i nostri links, di cui agenziamatrimoniale-genova non \u00e8 in alcun modo responsabile.<br>agenziamatrimoniale-genova&nbsp;nella qualit\u00e0 di Titolare del trattamento dei Suoi dati personali, ai sensi e per gli effetti del Reg.to UE 2016\/679 \u2013 GDPR, con la presente La informa che la citata normativa prevede la tutela degli interessati rispetto al trattamento dei dati personali e che tale trattamento sar\u00e0 improntato ai principi di correttezza, liceit\u00e0, trasparenza e di tutela della Sua riservatezza e dei Suoi diritti.<br>I Suoi dati personali verranno trattati in accordo alle disposizioni legislative della normativa sopra richiamata e degli obblighi di riservatezza ivi previsti.<\/p>\n\n\n\n<p><strong>TIPI DI DATI TRATTATI<\/strong><\/p>\n\n\n\n<p>Dati di Navigazione<\/p>\n\n\n\n<p>I sistemi informatici e le procedure software preposte al funzionamento di questo sito web acquisiscono, nel corso del loro normale esercizio, alcuni dati personali la cui trasmissione \u00e8 implicita nell\u2019uso dei protocolli di comunicazione di Internet. Si tratta d\u2019informazioni che non sono raccolte per essere associate ad interessati identificati, ma che per loro stessa natura potrebbero, attraverso elaborazioni ed associazioni con dati detenuti da terzi, permettere di identificare gli utenti. In questa categoria di dati rientrano gli indirizzi IP o i nomi a dominio dei computer utilizzati dagli utenti che si connettono al sito, gli indirizzi in notazione URI (Uniform Resource Identifier) delle risorse richieste, l\u2019orario della richiesta, il metodo utilizzato nel sottoporre la richiesta al server, la dimensione del file ottenuto in risposta, il codice numerico indicante lo stato della risposta data dal server (buon fine, errore, ecc.) ed altri parametri relativi al sistema operativo e all\u2019ambiente informatico dell\u2019utente. Questi dati sono utilizzati al solo fine di ricavare informazioni statistiche anonime sull\u2019uso del sito e per controllarne il corretto funzionamento e vengono cancellati immediatamente dopo l\u2019elaborazione. I dati potrebbero essere utilizzati per l\u2019accertamento di responsabilit\u00e0 in caso di ipotetici reati informatici ai danni del sito.<\/p>\n\n\n\n<p>Dati forniti volontariamente dall\u2019utente<\/p>\n\n\n\n<p>L\u2019invio facoltativo, esplicito e volontario di posta elettronica agli indirizzi indicati su questo sito, cos\u00ec come la compilazione dei form per l\u2019invio di richieste specifiche comportano la successiva acquisizione dell\u2019indirizzo del mittente, necessario per rispondere alle richieste, nonch\u00e9 degli eventuali altri dati personali inseriti nella missiva o nel form.<br>Specifiche informative di sintesi vengono riportate o visualizzate nelle pagine del sito predisposte per particolari servizi a richiesta.<\/p>\n\n\n\n<p>Dati di profilo<\/p>\n\n\n\n<p>Tali dati, comunicati al momento della registrazione nell\u2019area clienti, comprendono il vostro nome e cognome, la data di nascita, il sesso, l\u2019email con cui vi registrate e la relativa password, nonch\u00e9 i dati di contatto.<\/p>\n\n\n\n<p>Dati di acquisto<\/p>\n\n\n\n<p>Al momento dell\u2019ordine rileviamo i vostri dati di acquisto, tra cui numero di ordinazione, dettaglio sull\u2019abbonamento oggetto dell\u2019acquisto, dati sul mezzo di pagamento.<\/p>\n\n\n\n<p>Dati di pagamento<\/p>\n\n\n\n<p>Per l\u2019esecuzione del pagamento rileviamo i dati di pagamento che ci avete comunicato, tra cui IBAN e BIC ovvero numero di conto e codice bancario, dati della carta di credito e dati di solvibilit\u00e0. Riceviamo ulteriori dati sui pagamenti da servizi esterni di gestione di pagamenti e servizi di informazione economica con i quali collaboriamo al fine della gestione dei pagamenti e della verifica della solvibilit\u00e0. Trasmettiamo ai nostri servizi di gestione dei pagamenti solo quei dati che sono necessari allo svolgimento del pagamento. Qualsiasi informazione relativa a carte di debito o di credito non viene immagazzinata dai nostri sistemi quando viene inviato un ordine. Il conferimento di tali dati \u00e8 obbligatorio per dare esecuzione all\u2019ordine richiesto.<\/p>\n\n\n\n<p>CONSEGUENZE DEL RIFIUTO DI CONFERIMENTO DEI DATI<\/p>\n\n\n\n<p>A parte quanto specificato per i dati di navigazione, l\u2019utente \u00e8 libero di fornire i dati personali riportati nei moduli di richiesta, di iscrizione a mailing list, di partecipazione agli eventi o comunque indicati in contatti per sollecitare l\u2019invio di materiale informativo, tecnico o commerciale o di altre comunicazioni. Il loro mancato conferimento non comporter\u00e0 conseguenza alcuna, se non l\u2019impossibilit\u00e0 di ottenere quanto richiesto.<\/p>\n\n\n\n<p><strong>MODALIT\u00c0 DEL TRATTAMENTO<\/strong><\/p>\n\n\n\n<p>I dati vengono trattati principalmente con strumenti elettronici e informatici e memorizzati sia su supporti informatici che su supporti cartacei che su ogni altro tipo di supporto idoneo, nel rispetto delle modalit\u00e0 di cui agli artt. 6, 32 del GDPR e mediante l\u2019adozione delle adeguate misure di sicurezza previste per prevenire la perdita di dati, usi illeciti o non corretti ed accessi non autorizzati.<br>La informiamo che, per fornire un servizio completo il nostro portale potrebbe contenere link ad altri siti web, non gestiti da noi. Non siamo responsabili di errori, contenuti, cookies, pubblicazioni di contenuto morale illecito, pubblicit\u00e0, banner o files non conformi alle disposizioni normative vigenti e del rispetto della normativa Privacy da parte di siti da noi gestiti a cui si fa riferimento. Per migliorare il servizio offerto \u00e8 gradita una immediata segnalazione di malfunzionamenti, abusi o suggerimenti all\u2019indirizzo di posta elettronica: info@agenziamatrimoniale-genova.it<br>I suoi dati saranno trattati unicamente da personale espressamente autorizzato dal Titolare.<\/p>\n\n\n\n<p><strong>FINALIT\u00c0 DEL TRATTAMENTO<\/strong><\/p>\n\n\n\n<p>Il trattamento dei dati verr\u00e0 effettuato per le seguenti finalit\u00e0:<br>-dare la possibilit\u00e0 di accedere alle sezioni pubbliche e\/o riservate del sito;<br>-dare esecuzione all\u2019attivazione e alla manutenzione di eventuali servizi sottoscritti on-line o l\u2019invio di newsletter;<br>-consentire lo svolgimento dell\u2019acquisto e la messa a disposizione del servizio;<br>-processare richieste di informazioni, quotazioni, supporto tecnico;-fornire informazioni su servizi e prodotti forniti e circa variazioni di prodotti o servizi;<br>-eseguire gli obblighi previsti da leggi o regolamenti;<br>-la tutela del Titolare in sede giudiziaria;<br>-consentire il monitoraggio costante sull\u2019efficacia del servizio proposto.<\/p>\n\n\n\n<p><strong>SOGGETTI A CUI POTRANNO ESSERE COMUNICATI I DATI PERSONALI<\/strong><\/p>\n\n\n\n<p>I dati personali relativi al trattamento in questione possono essere comunicati anche a soggetti a cui sia riconosciuta la facolt\u00e0 di accedere ai Vostri dati personali da norme di legge o di normative secondarie e\/o comunitarie. I suoi dati potranno essere comunicati esclusivamente a soggetti competenti e debitamente nominati per l\u2019espletamento dei servizi necessari ad una corretta gestione del rapporto, con garanzia di tutela dei diritti dell\u2019interessato. Inoltre alcuni dati possono essere comunicati e diffusi agli operatori internet di cui agenziamatrimoniale-genova si avvale per la gestione dei propri domini.<br>I suoi dati personali non verranno diffusi in nessun modo.<br>I suoi dati non verranno trasferiti in Paesi terzi.<\/p>\n\n\n\n<p><strong>PERIODO DI CONSERVAZIONE DEI DATI<\/strong><\/p>\n\n\n\n<p>Le segnaliamo che, nel rispetto dei principi di liceit\u00e0, limitazione delle finalit\u00e0 e minimizzazione dei dati, ai sensi dell\u2019art. 5 del GDPR, il periodo di conservazione dei Suoi dati personali \u00e8 stabilito per un periodo necessario all\u2019espletamento dei servizi richiesti e in ottemperanza delle normative vigenti circa la conservazione di documentazione fiscale, tributaria e contrattuale.<\/p>\n\n\n\n<p><strong>DIRITTI DEGLI INTERESSATI<\/strong><\/p>\n\n\n\n<p>1. L\u2019interessato ha diritto di ottenere la conferma dell\u2019esistenza o meno di dati personali che lo riguardano, anche se non ancora registrati, e la loro comunicazione in forma intelligibile.<br>2. L\u2019interessato ha diritto di ottenere l\u2019indicazione:<br>a. dell\u2019origine dei dati personali;<br>b. delle finalit\u00e0 e modalit\u00e0 del trattamento;<br>c. della logica applicata in caso di trattamento effettuato con l\u2019ausilio di strumenti elettronici;<br>d. degli estremi identificativi del titolare, dei responsabili e del rappresentante designato ai sensi dell\u2019articolo 5, comma 2;<br>e. dei soggetti o delle categorie di soggetti ai quali i dati personali possono essere comunicati o che possono venirne a conoscenza in qualit\u00e0 di rappresentante designato nel territorio dello Stato, di responsabili o incaricati.<br>3. L\u2019interessato ha diritto di ottenere:<br>a. l\u2019aggiornamento, la rettifica ovvero, quando vi ha interesse, l\u2019integrazione dei dati;<br>b. la cancellazione, la trasformazione in forma anonima o il blocco dei dati trattati in violazione di legge, compresi quelli di cui non \u00e8 necessaria la conservazione in relazione agli scopi per i quali i dati sono stati raccolti o successivamente trattati;<br>c. l\u2019attestazione che le operazioni di cui alle lettere a) e b) sono state portate a conoscenza, anche per quanto riguarda il loro contenuto, di coloro ai quali i dati sono stati comunicati o diffusi, eccettuato il caso in cui tale adempimento si rivela impossibile o comporta un impiego di mezzi<br>d. manifestamente sproporzionato rispetto al diritto tutelato;<br>e. la portabilit\u00e0 dei dati.<br>4. L\u2019interessato ha diritto di opporsi, in tutto o in parte:<br>a. per motivi legittimi al trattamento dei dati personali che lo riguardano, ancorch\u00e9 pertinenti allo scopo della raccolta;<br>b. al trattamento di dati personali che lo riguardano a fini di invio di materiale pubblicitario o di vendita diretta o per il compimento di ricerche di<br>c. mercato o di comunicazione commerciale<br>Inoltre, l\u2019interessato nel caso ritenga che il trattamento dei propri dati sia contrario alla normativa in vigore pu\u00f2 proporre reclamo all\u2019Autorit\u00e0 di controllo per la protezione dei dati personali ai sensi dell\u2019art. 77 del Regolamento 2016\/679.<\/p>\n\n\n\n<p><strong>IL TITOLARE DEL TRATTAMENTO<\/strong><\/p>\n\n\n\n<p>Titolare del trattamento \u00e8 Obiettivo Incontro Torino con sede in Corso F. Turati, 6<br>10128 Torino (TO), nella persona del suo legale rappresentante pro tempore.<br>L\u2019utente ha diritto di ottenere dal titolare la cancellazione (diritto all\u2019oblio), la limitazione, l\u2019aggiornamento, la rettifica, la portabilit\u00e0, l\u2019opposizione al trattamento dei dati personali che La riguardano, nonch\u00e9 in generale pu\u00f2 esercitare tutti i diritti previsti dagli artt. 15, 16, 17, 18, 19, 20, 21, 22 del GDPR.<br>Per esercitare i diritti sopra elencati, l\u2019interessato dovr\u00e0 rivolgere richiesta scritta attraverso e-mail. L\u2019e-mail va indirizzata a: infotorino@obiettivoincontro.it<\/p>\n","protected":false},"excerpt":{"rendered":"<p>Informativa privacy ai sensi degli artt. 13-14 del Regolamento Europeo \u201cPrivacy\u201d (GDPR) INFORMATIVA PER IL TRATTAMENTO DI DATI In questa pagina si descrivono le modalit\u00e0 di gestione del sito in riferimento al trattamento dei dati personali degli utenti che lo consultano, nonch\u00e9 modalit\u00e0 e finalit\u00e0 di trattamento dei dati personali.Si tratta di un\u2019informativa resa anche [&hellip;]<\/p>\n","protected":false},"author":1,"featured_media":0,"parent":0,"menu_order":0,"comment_status":"closed","ping_status":"open","template":"","meta":{"footnotes":""},"class_list":["post-3","page","type-page","status-publish","hentry"],"yoast_head":"<!-- This site is optimized with the Yoast SEO plugin v25.1 - https:\/\/yoast.com\/wordpress\/plugins\/seo\/ -->\n<title>Privacy Policy - Agenzia Matrimoniale Torino<\/title>\n<meta name=\"robots\" content=\"index, follow, max-snippet:-1, max-image-preview:large, max-video-preview:-1\" \/>\n<link rel=\"canonical\" href=\"https:\/\/agenziamatrimoniale-torino.it\/?page_id=3\" \/>\n<meta property=\"og:locale\" content=\"it_IT\" \/>\n<meta property=\"og:type\" content=\"article\" \/>\n<meta property=\"og:title\" content=\"Privacy Policy - Agenzia Matrimoniale Torino\" \/>\n<meta property=\"og:description\" content=\"Informativa privacy ai sensi degli artt. 13-14 del Regolamento Europeo \u201cPrivacy\u201d (GDPR) INFORMATIVA PER IL TRATTAMENTO DI DATI In questa pagina si descrivono le modalit\u00e0 di gestione del sito in riferimento al trattamento dei dati personali degli utenti che lo consultano, nonch\u00e9 modalit\u00e0 e finalit\u00e0 di trattamento dei dati personali.Si tratta di un\u2019informativa resa anche [&hellip;]\" \/>\n<meta property=\"og:url\" content=\"https:\/\/agenziamatrimoniale-torino.it\/?page_id=3\" \/>\n<meta property=\"og:site_name\" content=\"Agenzia Matrimoniale Torino\" \/>\n<meta property=\"article:modified_time\" content=\"2025-04-17T18:18:41+00:00\" \/>\n<meta name=\"twitter:card\" content=\"summary_large_image\" \/>\n<meta name=\"twitter:label1\" content=\"Tempo di lettura stimato\" \/>\n\t<meta name=\"twitter:data1\" content=\"9 minuti\" \/>\n<script type=\"application\/ld+json\" class=\"yoast-schema-graph\">{\"@context\":\"https:\/\/schema.org\",\"@graph\":[{\"@type\":\"WebPage\",\"@id\":\"https:\/\/agenziamatrimoniale-torino.it\/?page_id=3\",\"url\":\"https:\/\/agenziamatrimoniale-torino.it\/?page_id=3\",\"name\":\"Privacy Policy - Agenzia Matrimoniale Torino\",\"isPartOf\":{\"@id\":\"https:\/\/agenziamatrimoniale-torino.it\/#website\"},\"datePublished\":\"2025-04-15T12:34:17+00:00\",\"dateModified\":\"2025-04-17T18:18:41+00:00\",\"breadcrumb\":{\"@id\":\"https:\/\/agenziamatrimoniale-torino.it\/?page_id=3#breadcrumb\"},\"inLanguage\":\"it-IT\",\"potentialAction\":[{\"@type\":\"ReadAction\",\"target\":[\"https:\/\/agenziamatrimoniale-torino.it\/?page_id=3\"]}]},{\"@type\":\"BreadcrumbList\",\"@id\":\"https:\/\/agenziamatrimoniale-torino.it\/?page_id=3#breadcrumb\",\"itemListElement\":[{\"@type\":\"ListItem\",\"position\":1,\"name\":\"Home\",\"item\":\"https:\/\/agenziamatrimoniale-torino.it\/\"},{\"@type\":\"ListItem\",\"position\":2,\"name\":\"Privacy Policy\"}]},{\"@type\":\"WebSite\",\"@id\":\"https:\/\/agenziamatrimoniale-torino.it\/#website\",\"url\":\"https:\/\/agenziamatrimoniale-torino.it\/\",\"name\":\"Agenzia Matrimoniale Torino\",\"description\":\"In due la vita \u00e8 pi\u00f9 bella\",\"publisher\":{\"@id\":\"https:\/\/agenziamatrimoniale-torino.it\/#organization\"},\"potentialAction\":[{\"@type\":\"SearchAction\",\"target\":{\"@type\":\"EntryPoint\",\"urlTemplate\":\"https:\/\/agenziamatrimoniale-torino.it\/?s={search_term_string}\"},\"query-input\":{\"@type\":\"PropertyValueSpecification\",\"valueRequired\":true,\"valueName\":\"search_term_string\"}}],\"inLanguage\":\"it-IT\"},{\"@type\":\"Organization\",\"@id\":\"https:\/\/agenziamatrimoniale-torino.it\/#organization\",\"name\":\"Agenzia Matrimoniale Torino\",\"url\":\"https:\/\/agenziamatrimoniale-torino.it\/\",\"logo\":{\"@type\":\"ImageObject\",\"inLanguage\":\"it-IT\",\"@id\":\"https:\/\/agenziamatrimoniale-torino.it\/#\/schema\/logo\/image\/\",\"url\":\"https:\/\/agenziamatrimoniale-torino.it\/wp-content\/uploads\/2025\/04\/cropped-Logo-2024_SitoR-google.png\",\"contentUrl\":\"https:\/\/agenziamatrimoniale-torino.it\/wp-content\/uploads\/2025\/04\/cropped-Logo-2024_SitoR-google.png\",\"width\":1000,\"height\":368,\"caption\":\"Agenzia Matrimoniale Torino\"},\"image\":{\"@id\":\"https:\/\/agenziamatrimoniale-torino.it\/#\/schema\/logo\/image\/\"}}]}<\/script>\n<!-- \/ Yoast SEO plugin. -->","yoast_head_json":{"title":"Privacy Policy - Agenzia Matrimoniale Torino","robots":{"index":"index","follow":"follow","max-snippet":"max-snippet:-1","max-image-preview":"max-image-preview:large","max-video-preview":"max-video-preview:-1"},"canonical":"https:\/\/agenziamatrimoniale-torino.it\/?page_id=3","og_locale":"it_IT","og_type":"article","og_title":"Privacy Policy - Agenzia Matrimoniale Torino","og_description":"Informativa privacy ai sensi degli artt. 13-14 del Regolamento Europeo \u201cPrivacy\u201d (GDPR) INFORMATIVA PER IL TRATTAMENTO DI DATI In questa pagina si descrivono le modalit\u00e0 di gestione del sito in riferimento al trattamento dei dati personali degli utenti che lo consultano, nonch\u00e9 modalit\u00e0 e finalit\u00e0 di trattamento dei dati personali.Si tratta di un\u2019informativa resa anche [&hellip;]","og_url":"https:\/\/agenziamatrimoniale-torino.it\/?page_id=3","og_site_name":"Agenzia Matrimoniale Torino","article_modified_time":"2025-04-17T18:18:41+00:00","twitter_card":"summary_large_image","twitter_misc":{"Tempo di lettura stimato":"9 minuti"},"schema":{"@context":"https:\/\/schema.org","@graph":[{"@type":"WebPage","@id":"https:\/\/agenziamatrimoniale-torino.it\/?page_id=3","url":"https:\/\/agenziamatrimoniale-torino.it\/?page_id=3","name":"Privacy Policy - Agenzia Matrimoniale Torino","isPartOf":{"@id":"https:\/\/agenziamatrimoniale-torino.it\/#website"},"datePublished":"2025-04-15T12:34:17+00:00","dateModified":"2025-04-17T18:18:41+00:00","breadcrumb":{"@id":"https:\/\/agenziamatrimoniale-torino.it\/?page_id=3#breadcrumb"},"inLanguage":"it-IT","potentialAction":[{"@type":"ReadAction","target":["https:\/\/agenziamatrimoniale-torino.it\/?page_id=3"]}]},{"@type":"BreadcrumbList","@id":"https:\/\/agenziamatrimoniale-torino.it\/?page_id=3#breadcrumb","itemListElement":[{"@type":"ListItem","position":1,"name":"Home","item":"https:\/\/agenziamatrimoniale-torino.it\/"},{"@type":"ListItem","position":2,"name":"Privacy Policy"}]},{"@type":"WebSite","@id":"https:\/\/agenziamatrimoniale-torino.it\/#website","url":"https:\/\/agenziamatrimoniale-torino.it\/","name":"Agenzia Matrimoniale Torino","description":"In due la vita \u00e8 pi\u00f9 bella","publisher":{"@id":"https:\/\/agenziamatrimoniale-torino.it\/#organization"},"potentialAction":[{"@type":"SearchAction","target":{"@type":"EntryPoint","urlTemplate":"https:\/\/agenziamatrimoniale-torino.it\/?s={search_term_string}"},"query-input":{"@type":"PropertyValueSpecification","valueRequired":true,"valueName":"search_term_string"}}],"inLanguage":"it-IT"},{"@type":"Organization","@id":"https:\/\/agenziamatrimoniale-torino.it\/#organization","name":"Agenzia Matrimoniale Torino","url":"https:\/\/agenziamatrimoniale-torino.it\/","logo":{"@type":"ImageObject","inLanguage":"it-IT","@id":"https:\/\/agenziamatrimoniale-torino.it\/#\/schema\/logo\/image\/","url":"https:\/\/agenziamatrimoniale-torino.it\/wp-content\/uploads\/2025\/04\/cropped-Logo-2024_SitoR-google.png","contentUrl":"https:\/\/agenziamatrimoniale-torino.it\/wp-content\/uploads\/2025\/04\/cropped-Logo-2024_SitoR-google.png","width":1000,"height":368,"caption":"Agenzia Matrimoniale Torino"},"image":{"@id":"https:\/\/agenziamatrimoniale-torino.it\/#\/schema\/logo\/image\/"}}]}},"_links":{"self":[{"href":"https:\/\/agenziamatrimoniale-torino.it\/index.php?rest_route=\/wp\/v2\/pages\/3","targetHints":{"allow":["GET"]}}],"collection":[{"href":"https:\/\/agenziamatrimoniale-torino.it\/index.php?rest_route=\/wp\/v2\/pages"}],"about":[{"href":"https:\/\/agenziamatrimoniale-torino.it\/index.php?rest_route=\/wp\/v2\/types\/page"}],"author":[{"embeddable":true,"href":"https:\/\/agenziamatrimoniale-torino.it\/index.php?rest_route=\/wp\/v2\/users\/1"}],"replies":[{"embeddable":true,"href":"https:\/\/agenziamatrimoniale-torino.it\/index.php?rest_route=%2Fwp%2Fv2%2Fcomments&post=3"}],"version-history":[{"count":2,"href":"https:\/\/agenziamatrimoniale-torino.it\/index.php?rest_route=\/wp\/v2\/pages\/3\/revisions"}],"predecessor-version":[{"id":22,"href":"https:\/\/agenziamatrimoniale-torino.it\/index.php?rest_route=\/wp\/v2\/pages\/3\/revisions\/22"}],"wp:attachment":[{"href":"https:\/\/agenziamatrimoniale-torino.it\/index.php?rest_route=%2Fwp%2Fv2%2Fmedia&parent=3"}],"curies":[{"name":"wp","href":"https:\/\/api.w.org\/{rel}","templated":true}]}}